{"id":512,"date":"2024-08-19T12:45:02","date_gmt":"2024-08-19T10:45:02","guid":{"rendered":"http:\/\/localhost\/quadral\/?page_id=512"},"modified":"2025-12-03T16:22:12","modified_gmt":"2025-12-03T15:22:12","slug":"impressum","status":"publish","type":"page","link":"https:\/\/www.quadral.com\/de\/impressum\/","title":{"rendered":"Impressum"},"content":{"rendered":"\n<div class=\"wp-block-group legal-div\"><div class=\"wp-block-group__inner-container is-layout-constrained wp-block-group-is-layout-constrained\">\n<div class=\"wp-block-group is-nowrap is-layout-flex wp-container-core-group-is-layout-1 wp-block-group-is-layout-flex\">\n<h2 class=\"wp-block-heading has-white-color has-text-color has-link-color wp-elements-699850f685986cebb2c0320db11aa9a0\">Impressum<\/h2>\n<\/div>\n\n\n\n<p>Quadral GmbH <br>Hannoversche Stra\u00dfe 99<br>30916 Isernhagen<br>Germany<br>Gesch\u00e4ftsf\u00fchrer: Andreas Hetzendorfer<\/p>\n\n\n\n<p>Tel:&nbsp; +49 (0)511 7904-0<br>E-Mail:&nbsp;info [at] quadral [dot] com<\/p>\n\n\n\n<p>Sitz der Gesellschaft: Isernhagen<br>Amtsgericht Hannover, HRB 52872<\/p>\n\n\n\n<p>UmStID : DE244264678&nbsp; der Quadral GmbH<br>Steuernummer: 16\/205\/08483<\/p>\n\n\n\n<p><\/p>\n\n\n\n<p><strong>Rechtlicher Hinweis und Urheberrecht<\/strong><br>Obgleich alle von der Quadral GmbH&nbsp; zur Verf\u00fcgung gestellten Internetseiten sorgf\u00e4ltig gepr\u00fcft wurden, kann die Quadral GmbH&nbsp; keine Garantie f\u00fcr die Aktualit\u00e4t, Korrektheit, Vollst\u00e4ndigkeit oder Qualit\u00e4t der zur Verf\u00fcgung gestellten Informationen, Daten, Abbildungen und Publikationen \u00fcbernehmen.<\/p>\n\n\n\n<p>Haftungsanspr\u00fcche gegen\u00fcber der quadral GmbH , welche sich auf Sch\u00e4den materieller oder ideeller Art beziehen, die durch die Nutzung oder Nichtnutzung der dargebotenen Informationen, bzw. durch die Nutzung fehlerhafter und unvollst\u00e4ndiger Informationen verursacht wurden, sind grunds\u00e4tzlich ausgeschlossen, sofern seitens der Quadral GmbH&nbsp; kein nachweislich vors\u00e4tzliches oder grob fahrl\u00e4ssiges Verschulden vorliegt. Alle Angebote sind freibleibend und unverbindlich. Die Quadral GmbH beh\u00e4lt sich ausdr\u00fccklich das Recht vor, ohne vorherige Ank\u00fcndigung, \u00c4nderungen oder Erg\u00e4nzungen an den bereitgestellten Informationen vorzunehmen.Die Internetseiten der Quadral GmbH&nbsp; enthalten Verbindungen (\u201clinks\u201d) zu anderen Webseiten, die von Dritten betrieben werden. Die quadral GmbH&nbsp; hat keinerlei Einfluss auf die Inhalte und die Gestaltung der gelinkten Seiten, macht sich die durch Links erreichbaren Seiten Dritter nicht zu Eigen und ist f\u00fcr deren Inhalte und Gestaltung nicht verantwortlich.<\/p>\n\n\n\n<p>Alle innerhalb des Internetangebotes genannten und von der Quadral GmbH&nbsp; oder ggf. durch Dritte gesch\u00fctzten Marken- und Warenzeichen unterliegen uneingeschr\u00e4nkt den Bestimmungen des jeweils g\u00fcltigen Kennzeichenrechts und den Besitzrechten der jeweils eingetragenen Eigent\u00fcmer. S\u00e4mtliche Logos, Firmenschriftz\u00fcge, Texte und Abbildungen sowie deren Anordnung auf den Internetseiten der Quadral GmbH&nbsp; unterliegen dem Schutz des Urheberrechts und anderen Schutzgesetzen. Der Inhalt dieser Internetseiten darf ohne die schriftliche Zustimmung der Quadral GmbH&nbsp; nicht vervielf\u00e4ltigt, verbreitet, ver\u00e4ndert oder Dritten zug\u00e4nglich gemacht werden.<\/p>\n\n\n\n<p>Die nicht genehmigte Verwendung von Inhalten dieser Webseiten kann zur Verletzung von Marken-, Urheberrechts- und sonstiger Schutzrechte sowie von zivil- und strafrechtlichen Bestimmungen f\u00fchren.<\/p>\n\n\n\n<p>Copyright Disclaimer: Dolby, Pro Logic und Dolby Digital sind eingetragenes Warenzeichen der Dolby Licensing Corporation. DTS ist ein eingetragenes Warenzeichen der Digital Theater Systems Inc.<\/p>\n\n\n\n<p>Copyright \u00a92021<br>Quadral GmbH<br>Alle Rechte vorbehalten.<\/p>\n\n\n\n<p><strong>Informationen zur Online-Streitbeilegung:<\/strong><br>Die Europ\u00e4ische Kommission stellt unter&nbsp;<a href=\"http:\/\/ec.europa.eu\/consumers\/odr\" target=\"_blank\" rel=\"noreferrer noopener\">ec.europa.eu\/consumers\/odr<\/a>&nbsp;eine Plattform zur au\u00dfergerichtlichen Online-Streitbeilegung (sog. OS-Plattform) bereit. Wir sind zur Teilnahme an einem Streitbeilegungsverfahren vor einer Verbraucherschlichtungsstelle weder bereit noch verpflichtet.<\/p>\n\n\n\n<p><\/p>\n<\/div><\/div>\n","protected":false},"excerpt":{"rendered":"<p>Impressum Quadral GmbH Hannoversche Stra\u00dfe 9930916 IsernhagenGermanyGesch\u00e4ftsf\u00fchrer: Andreas Hetzendorfer Tel:&nbsp; +49 (0)511 7904-0E-Mail:&nbsp;info [at] quadral [dot] com Sitz der Gesellschaft: IsernhagenAmtsgericht Hannover, HRB 52872 UmStID : DE244264678&nbsp; der Quadral GmbHSteuernummer: 16\/205\/08483 Rechtlicher Hinweis und UrheberrechtObgleich alle von der Quadral GmbH&nbsp; zur Verf\u00fcgung gestellten Internetseiten sorgf\u00e4ltig gepr\u00fcft wurden, kann die Quadral GmbH&nbsp; keine Garantie f\u00fcr die <a href=\"https:\/\/www.quadral.com\/de\/impressum\/\" class=\"more-link\">&#8230;<span class=\"screen-reader-text\">  Impressum<\/span><\/a><\/p>\n","protected":false},"author":1,"featured_media":0,"parent":0,"menu_order":0,"comment_status":"closed","ping_status":"closed","template":"","meta":{"footnotes":""},"class_list":["post-512","page","type-page","status-publish","hentry"],"_links":{"self":[{"href":"https:\/\/www.quadral.com\/de\/wp-json\/wp\/v2\/pages\/512"}],"collection":[{"href":"https:\/\/www.quadral.com\/de\/wp-json\/wp\/v2\/pages"}],"about":[{"href":"https:\/\/www.quadral.com\/de\/wp-json\/wp\/v2\/types\/page"}],"author":[{"embeddable":true,"href":"https:\/\/www.quadral.com\/de\/wp-json\/wp\/v2\/users\/1"}],"replies":[{"embeddable":true,"href":"https:\/\/www.quadral.com\/de\/wp-json\/wp\/v2\/comments?post=512"}],"version-history":[{"count":10,"href":"https:\/\/www.quadral.com\/de\/wp-json\/wp\/v2\/pages\/512\/revisions"}],"predecessor-version":[{"id":1115,"href":"https:\/\/www.quadral.com\/de\/wp-json\/wp\/v2\/pages\/512\/revisions\/1115"}],"wp:attachment":[{"href":"https:\/\/www.quadral.com\/de\/wp-json\/wp\/v2\/media?parent=512"}],"curies":[{"name":"wp","href":"https:\/\/api.w.org\/{rel}","templated":true}]}}