{"id":794,"date":"2024-10-02T15:08:23","date_gmt":"2024-10-02T13:08:23","guid":{"rendered":"https:\/\/www.quadral.com\/de\/?page_id=794"},"modified":"2024-10-09T13:37:04","modified_gmt":"2024-10-09T11:37:04","slug":"aurum-aktiv","status":"publish","type":"page","link":"https:\/\/www.quadral.com\/de\/aurum-aktiv\/","title":{"rendered":"Aurum Aktiv"},"content":{"rendered":"\n<div class=\"wp-block-group legal-div page-aurum\"><div class=\"wp-block-group__inner-container is-layout-constrained wp-block-group-is-layout-constrained\">\n<div class=\"wp-block-group is-nowrap is-layout-flex wp-container-core-group-is-layout-1 wp-block-group-is-layout-flex\"><\/div>\n\n\n\n<div class=\"wp-block-columns is-layout-flex wp-container-core-columns-is-layout-1 wp-block-columns-is-layout-flex\">\n<div class=\"wp-block-column is-layout-flow wp-block-column-is-layout-flow\">\n<h2 class=\"wp-block-heading has-white-color has-text-color has-link-color wp-elements-5726236833dd0b64557da82f9912c741\">Aurum Aktiv<\/h2>\n\n\n\n<p>Mit der Quadral Aurum-Serie setzen wir seit Jahrzehnten in der gesamten HiFi-Branche ein Statement. Unsere High-End Flaggschiff-Reihe ist nicht nur das Ergebnis h\u00f6chster Anspr\u00fcche an Produktentwicklung und Konstruktion, sondern setzt gleichzeitig auch neue Ma\u00dfst\u00e4be. Mit den jeweils in schwarz und wei\u00df Pianofinish erh\u00e4ltlichen Aktiv-Ausf\u00fchrungen bieten wir leistungsstarke Standlautsprecher mit integrierten Verst\u00e4rkern f\u00fcr optimalen powervollen Sound und erf\u00fcllen jeden Wunsch nach Aktivlautsprechern auf dem Niveau der erfolgreichen Aurum Vulkan oder Aurum Montan.<\/p>\n\n\n\n<p><\/p>\n\n\n\n<p><strong>Achtung! Limitiere Auflage, nur kurzzeitig verf\u00fcgbar.<\/strong><\/p>\n<\/div>\n\n\n\n<div class=\"wp-block-column is-layout-flow wp-block-column-is-layout-flow\"><div class=\"wp-block-image is-style-default\">\n<figure class=\"aligncenter size-full is-resized\"><img loading=\"lazy\" decoding=\"async\" width=\"477\" height=\"753\" src=\"https:\/\/www.quadral.com\/wp-content\/uploads\/2024\/10\/AURUM-ALPHA-blk-front-pair-2.png\" alt=\"\" class=\"wp-image-800\" style=\"width:264px;height:auto\" srcset=\"https:\/\/www.quadral.com\/wp-content\/uploads\/2024\/10\/AURUM-ALPHA-blk-front-pair-2.png 477w, https:\/\/www.quadral.com\/wp-content\/uploads\/2024\/10\/AURUM-ALPHA-blk-front-pair-2-190x300.png 190w\" sizes=\"(max-width: 477px) 100vw, 477px\" \/><\/figure><\/div><\/div>\n<\/div>\n\n\n\n<p><\/p>\n\n\n\n<p><\/p>\n\n\n\n<h4 class=\"wp-block-heading\">Alpha Pure<\/h4>\n\n\n\n<h6 class=\"wp-block-heading aurum-uvp\">UVP: 7.000\u20ac pro St\u00fcck<\/h6>\n\n\n\n<p><\/p>\n\n\n\n<div class=\"wp-block-columns is-layout-flex wp-container-core-columns-is-layout-2 wp-block-columns-is-layout-flex\">\n<div class=\"wp-block-column grid-item-3 is-layout-flow wp-block-column-is-layout-flow\">\n<h6 class=\"wp-block-heading\">Besonderheiten<\/h6>\n\n\n\n<p>Der aktive Lautsprecher auf Vulkan-Niveau. Mit gro\u00dfen Quadral&nbsp;<strong>Altima-Membranen<\/strong>&nbsp;ausgestattet erm\u00f6glicht der Aurum Alpha Pure einen Sound der Extraklasse. Dieser aktive Standlautsprecher profitiert von seinen gro\u00dffl\u00e4chigen Treibern mit starkem Magnetsystem und unseren ber\u00fchmten&nbsp;<strong>Q-Sense B\u00e4ndchen-Hocht\u00f6nern.<\/strong>&nbsp;Die aktive Elektronik liefert ausreichend Schub und sichert so einen unvergleichlichen vollen Sound. Alpha Pure ist in schwarz und wei\u00df Pianofinish erh\u00e4ltlich.<\/p>\n<\/div>\n\n\n\n<div class=\"wp-block-column grid-item-3 is-layout-flow wp-block-column-is-layout-flow\">\n<h6 class=\"wp-block-heading\">Abmessungen<\/h6>\n\n\n\n<ul class=\"wp-block-list\">\n<li>H\u00f6he: 1.210mm<\/li>\n\n\n\n<li>Breite: 280mm<\/li>\n\n\n\n<li>Tiefe: 510mm<\/li>\n\n\n\n<li>Gewicht: 73,2kg<\/li>\n\n\n\n<li>Hocht\u00f6ner: 90mm Q-Sense B\u00e4ndchenhocht\u00f6ner<\/li>\n\n\n\n<li>Mittelt\u00f6ner: 2x 180mm Quadral Altima<\/li>\n\n\n\n<li>Tieft\u00f6ner: 2x 265mm Quadral Altima<\/li>\n<\/ul>\n\n\n\n<p><a href=\"https:\/\/web.archive.org\/web\/20240417022148\/https:\/\/www.quadral.com\/wp-content\/uploads\/2023\/12\/AURUM-ALPHA-blk-front-pair.png\"><\/a><\/p>\n\n\n\n<p><a href=\"https:\/\/web.archive.org\/web\/20240417022148\/https:\/\/www.quadral.com\/wp-content\/uploads\/2023\/12\/AURUM-ALPHA-blk-front-back-pair.png\"><\/a><\/p>\n<\/div>\n\n\n\n<div class=\"wp-block-column grid-item-3 is-layout-flow wp-block-column-is-layout-flow\">\n<h6 class=\"wp-block-heading\">Technische Daten<\/h6>\n\n\n\n<ul class=\"wp-block-list\">\n<li>Typ: 3-Wege<\/li>\n\n\n\n<li>Prinzip: Geschlossen<\/li>\n\n\n\n<li>\u00dcbertragungsbereich: 17Hz \u2013 48.000Hz<\/li>\n\n\n\n<li>Trennfrequenz: 110\/2.900Hz<\/li>\n\n\n\n<li>Maximale Ausgangsleistung: 700W<\/li>\n\n\n\n<li>Maximale Leistungsaufnahme: 750W<\/li>\n\n\n\n<li>Standby-Verbrauch: &gt;0,15W<\/li>\n\n\n\n<li>DSP-Signalverarbeitung 96kHz<\/li>\n\n\n\n<li>Anschl\u00fcsse: XLR symmetrisch, RCA unsymmetrisch<\/li>\n<\/ul>\n<\/div>\n<\/div>\n\n\n\n<div style=\"height:90px\" aria-hidden=\"true\" class=\"wp-block-spacer\"><\/div>\n\n\n\n<h4 class=\"wp-block-heading\" style=\"margin-top:0;margin-bottom:0\">Gamma Pure<a href=\"https:\/\/web.archive.org\/web\/20240417022148\/https:\/\/www.quadral.com\/wp-content\/uploads\/2023\/12\/AURUM-ALPHA-blk-front-back-pair.png\"><\/a><\/h4>\n\n\n\n<h6 class=\"wp-block-heading aurum-uvp\">UVP: 5.000\u20ac pro St\u00fcck<a href=\"https:\/\/web.archive.org\/web\/20240417022148\/https:\/\/www.quadral.com\/wp-content\/uploads\/2023\/12\/AURUM-ALPHA-blk-front-back-pair.png\"><\/a><\/h6>\n\n\n\n<div class=\"wp-block-columns is-layout-flex wp-container-core-columns-is-layout-3 wp-block-columns-is-layout-flex\">\n<div class=\"wp-block-column grid-item-3 grid-item-3-img is-layout-flow wp-block-column-is-layout-flow\"><div class=\"wp-block-image is-style-default\">\n<figure class=\"alignleft size-full is-resized\"><img loading=\"lazy\" decoding=\"async\" width=\"263\" height=\"886\" src=\"https:\/\/www.quadral.com\/wp-content\/uploads\/2024\/10\/AURUM-GAMMA-wht-front-1.png\" alt=\"\" class=\"wp-image-801\" style=\"width:155px;height:auto\" srcset=\"https:\/\/www.quadral.com\/wp-content\/uploads\/2024\/10\/AURUM-GAMMA-wht-front-1.png 263w, https:\/\/www.quadral.com\/wp-content\/uploads\/2024\/10\/AURUM-GAMMA-wht-front-1-89x300.png 89w\" sizes=\"(max-width: 263px) 100vw, 263px\" \/><\/figure><\/div><\/div>\n\n\n\n<div class=\"wp-block-column grid-item-3 is-layout-flow wp-block-column-is-layout-flow\">\n<p><\/p>\n\n\n\n<p><\/p>\n\n\n\n<h6 class=\"wp-block-heading\">Besonderheiten<\/h6>\n\n\n\n<p><\/p>\n\n\n\n<p style=\"margin-top:0;margin-right:0;margin-bottom:0;margin-left:0\">Der aktive Lautsprecher auf Montan Niveau. Als etwas kleinere Alternative zur Aurum Alpha Pure bietet der Gamma Pure Standlautsprecher satten Sound in kompakter L\u00f6sung. Trotz kleinerer Abmessung bietet der Aktivlautsprecher beeindruckenden Klang und besticht mit der Kombination unserer Quadral Altima-Membran Treiber und leistungsstarkem integriertem Verst\u00e4rker. Auch dieses Modell ist in schwarz und in wei\u00df Pianofinish erh\u00e4ltlich.<a href=\"https:\/\/web.archive.org\/web\/20240417022148\/https:\/\/www.quadral.com\/wp-content\/uploads\/2023\/12\/AURUM-ALPHA-blk-front-pair.png\"><\/a><\/p>\n<\/div>\n\n\n\n<div class=\"wp-block-column grid-item-3 is-layout-flow wp-block-column-is-layout-flow\">\n<p><\/p>\n\n\n\n<p><\/p>\n\n\n\n<h6 class=\"wp-block-heading\" style=\"margin-right:0;margin-left:0\">Abmessungen<\/h6>\n\n\n\n<ul class=\"wp-block-list\">\n<li>H\u00f6he: 1.110mm<\/li>\n\n\n\n<li>Breite: 250mm<\/li>\n\n\n\n<li>Tiefe: 460mm<\/li>\n\n\n\n<li>Gewicht: 52,7kg<\/li>\n\n\n\n<li>Hocht\u00f6ner: 70mm Q-Sense B\u00e4ndchen<\/li>\n\n\n\n<li>Mittelt\u00f6ner: 2x155mm Quadral Altima<\/li>\n\n\n\n<li>Tieft\u00f6ner: 2x235mm Quadral Altima<\/li>\n<\/ul>\n<\/div>\n\n\n\n<div class=\"wp-block-column grid-item-3 is-layout-flow wp-block-column-is-layout-flow\">\n<p><\/p>\n\n\n\n<p><\/p>\n\n\n\n<h6 class=\"wp-block-heading\" style=\"margin-right:0;margin-left:0\">Technische Daten<\/h6>\n\n\n\n<ul class=\"wp-block-list\">\n<li>Typ: 3-Wege<\/li>\n\n\n\n<li>Prinzip: Geschlossen<\/li>\n\n\n\n<li>\u00dcbergangsbereich: 20Hz-48.000Hz<\/li>\n\n\n\n<li>Trennfrequenz: 115\/3.000Hz<\/li>\n\n\n\n<li>Maximale Ausgangsleistung: 700W<\/li>\n\n\n\n<li>Maximale Leistungsaufnahme: 750W<\/li>\n\n\n\n<li>Standby-Verbrauch: &gt;0,15W<\/li>\n\n\n\n<li>DSP-Signalverarbeitung: 96kHz<\/li>\n\n\n\n<li>Anschl\u00fcsse: XLR symmetrisch, RCA unsymmetrisch<\/li>\n<\/ul>\n<\/div>\n<\/div>\n<\/div><\/div>\n\n\n\n<div class=\"wp-block-group section-coaxial\"><div class=\"wp-block-group__inner-container is-layout-constrained wp-block-group-is-layout-constrained\">\n<div class=\"wp-block-group coaxial-item\"><div class=\"wp-block-group__inner-container is-layout-constrained wp-block-group-is-layout-constrained\">\n<figure class=\"wp-block-image size-full\"><img loading=\"lazy\" decoding=\"async\" width=\"631\" height=\"631\" src=\"https:\/\/www.quadral.com\/wp-content\/uploads\/2024\/10\/Q-SENSE-1-1.png\" alt=\"\" class=\"wp-image-957\" srcset=\"https:\/\/www.quadral.com\/wp-content\/uploads\/2024\/10\/Q-SENSE-1-1.png 631w, https:\/\/www.quadral.com\/wp-content\/uploads\/2024\/10\/Q-SENSE-1-1-300x300.png 300w, https:\/\/www.quadral.com\/wp-content\/uploads\/2024\/10\/Q-SENSE-1-1-150x150.png 150w\" sizes=\"(max-width: 631px) 100vw, 631px\" \/><\/figure>\n\n\n\n<div class=\"wp-block-group text-block\"><div class=\"wp-block-group__inner-container is-layout-constrained wp-block-group-is-layout-constrained\">\n<h6 class=\"wp-block-heading\">Q-Sense Hocht\u00f6ner<\/h6>\n\n\n\n<p>Nat\u00fcrlichkeit und Dynamik sind Worte, die fallen m\u00fcssen, wenn man diesen H\u00f6rgenuss beschreiben soll. Das Geheimnis der Q-Sense Hocht\u00f6ner ist ein kurzes, breites B\u00e4ndchen aus Aluminium, das eine gro\u00dfe Membranfl\u00e4che und eine hohe Belastbarkeit bietet und so einen unvergleichlichen Klang erm\u00f6glicht. Entwickelt und montiert in Hannover werden die Hocht\u00f6ner in allen Modellen der Aurum-Serie sorgf\u00e4ltig verbaut.<\/p>\n<\/div><\/div>\n<\/div><\/div>\n\n\n\n<div class=\"wp-block-group coaxial-item\"><div class=\"wp-block-group__inner-container is-layout-constrained wp-block-group-is-layout-constrained\">\n<figure class=\"wp-block-image size-full\"><img loading=\"lazy\" decoding=\"async\" width=\"814\" height=\"814\" src=\"https:\/\/www.quadral.com\/wp-content\/uploads\/2024\/10\/Altima_Membran_Chassis_schattenlos-1.png\" alt=\"\" class=\"wp-image-803\" srcset=\"https:\/\/www.quadral.com\/wp-content\/uploads\/2024\/10\/Altima_Membran_Chassis_schattenlos-1.png 814w, https:\/\/www.quadral.com\/wp-content\/uploads\/2024\/10\/Altima_Membran_Chassis_schattenlos-1-300x300.png 300w, https:\/\/www.quadral.com\/wp-content\/uploads\/2024\/10\/Altima_Membran_Chassis_schattenlos-1-150x150.png 150w\" sizes=\"(max-width: 814px) 100vw, 814px\" \/><\/figure>\n\n\n\n<div class=\"wp-block-group text-block\"><div class=\"wp-block-group__inner-container is-layout-constrained wp-block-group-is-layout-constrained\">\n<h6 class=\"wp-block-heading\">Quadral Altima\u00ae Membran<\/h6>\n\n\n\n<p>Hochwertige Membrane aus einer Aluminium-Titan-Magnesium-Legierung sorgen bei unserer Aurum-Serie f\u00fcr hohe Impulstreue und geringe Klangverf\u00e4rbungen. So reproduzieren wir Musik und Surround-Sound mit maximaler Dynamik und perfektem Bounce-Effekt. Je mehr Hub, desto mehr Sound ist hier das Credo. Die verbauten Treiber sind nicht nur in der Technik einzigartig &#8211; ohne die Staubschutz-Kalotte ist ihre cleane Optik ein besonderes optisches Highlight.<\/p>\n<\/div><\/div>\n<\/div><\/div>\n<\/div><\/div>\n","protected":false},"excerpt":{"rendered":"<p>Aurum Aktiv Mit der Quadral Aurum-Serie setzen wir seit Jahrzehnten in der gesamten HiFi-Branche ein Statement. Unsere High-End Flaggschiff-Reihe ist nicht nur das Ergebnis h\u00f6chster Anspr\u00fcche an Produktentwicklung und Konstruktion, sondern setzt gleichzeitig auch neue Ma\u00dfst\u00e4be. Mit den jeweils in schwarz und wei\u00df Pianofinish erh\u00e4ltlichen Aktiv-Ausf\u00fchrungen bieten wir leistungsstarke Standlautsprecher mit integrierten Verst\u00e4rkern f\u00fcr optimalen <a href=\"https:\/\/www.quadral.com\/de\/aurum-aktiv\/\" class=\"more-link\">&#8230;<span class=\"screen-reader-text\">  Aurum Aktiv<\/span><\/a><\/p>\n","protected":false},"author":7,"featured_media":805,"parent":0,"menu_order":0,"comment_status":"closed","ping_status":"closed","template":"","meta":{"footnotes":""},"class_list":["post-794","page","type-page","status-publish","has-post-thumbnail","hentry"],"_links":{"self":[{"href":"https:\/\/www.quadral.com\/de\/wp-json\/wp\/v2\/pages\/794"}],"collection":[{"href":"https:\/\/www.quadral.com\/de\/wp-json\/wp\/v2\/pages"}],"about":[{"href":"https:\/\/www.quadral.com\/de\/wp-json\/wp\/v2\/types\/page"}],"author":[{"embeddable":true,"href":"https:\/\/www.quadral.com\/de\/wp-json\/wp\/v2\/users\/7"}],"replies":[{"embeddable":true,"href":"https:\/\/www.quadral.com\/de\/wp-json\/wp\/v2\/comments?post=794"}],"version-history":[{"count":56,"href":"https:\/\/www.quadral.com\/de\/wp-json\/wp\/v2\/pages\/794\/revisions"}],"predecessor-version":[{"id":959,"href":"https:\/\/www.quadral.com\/de\/wp-json\/wp\/v2\/pages\/794\/revisions\/959"}],"wp:featuredmedia":[{"embeddable":true,"href":"https:\/\/www.quadral.com\/de\/wp-json\/wp\/v2\/media\/805"}],"wp:attachment":[{"href":"https:\/\/www.quadral.com\/de\/wp-json\/wp\/v2\/media?parent=794"}],"curies":[{"name":"wp","href":"https:\/\/api.w.org\/{rel}","templated":true}]}}